{"id":3145,"date":"2023-05-22T16:51:40","date_gmt":"2023-05-22T14:51:40","guid":{"rendered":"https:\/\/bcsgroup.staging2.welcomedigital.it\/il-gruppo\/"},"modified":"2025-01-09T11:37:26","modified_gmt":"2025-01-09T10:37:26","slug":"der-konzern","status":"publish","type":"page","link":"https:\/\/bcsgroup.it\/de-de\/der-konzern\/","title":{"rendered":"Der Konzern"},"content":{"rendered":"","protected":false},"excerpt":{"rendered":"","protected":false},"author":2,"featured_media":2936,"parent":0,"menu_order":0,"comment_status":"closed","ping_status":"closed","template":"","meta":{"_acf_changed":false,"footnotes":""},"class_list":["post-3145","page","type-page","status-publish","has-post-thumbnail","hentry"],"acf":[],"yoast_head":"<!-- This site is optimized with the Yoast SEO plugin v26.3 - https:\/\/yoast.com\/wordpress\/plugins\/seo\/ -->\n<title>Der Konzern - BCS Group<\/title>\n<meta name=\"description\" content=\"Das Unternehmen entwickelt, baut und vertreibt Kompakttraktoren f\u00fcr die spezialisierte Landwirtschaft, professionelle Motorm\u00e4her und Einachser, Futterm\u00e4hausr\u00fcstungen und Rasenm\u00e4her f\u00fcr die Gr\u00fcnfl\u00e4chenpflege sowie Generatoren, Motorschwei\u00dfger\u00e4te und Scheinwerfert\u00fcrme.\" \/>\n<meta name=\"robots\" content=\"index, follow, max-snippet:-1, max-image-preview:large, max-video-preview:-1\" \/>\n<link rel=\"canonical\" href=\"https:\/\/bcsgroup.it\/de-de\/der-konzern\/\" \/>\n<meta property=\"og:locale\" content=\"de_DE\" \/>\n<meta property=\"og:type\" content=\"article\" \/>\n<meta property=\"og:title\" content=\"Der Konzern - BCS Group\" \/>\n<meta property=\"og:description\" content=\"Das Unternehmen entwickelt, baut und vertreibt Kompakttraktoren f\u00fcr die spezialisierte Landwirtschaft, professionelle Motorm\u00e4her und Einachser, Futterm\u00e4hausr\u00fcstungen und Rasenm\u00e4her f\u00fcr die Gr\u00fcnfl\u00e4chenpflege sowie Generatoren, Motorschwei\u00dfger\u00e4te und Scheinwerfert\u00fcrme.\" \/>\n<meta property=\"og:url\" content=\"https:\/\/bcsgroup.it\/de-de\/der-konzern\/\" \/>\n<meta property=\"og:site_name\" content=\"BCS Group\" \/>\n<meta property=\"article:modified_time\" content=\"2025-01-09T10:37:26+00:00\" \/>\n<meta property=\"og:image\" content=\"https:\/\/bcsgroup.it\/wp-content\/uploads\/2023\/07\/HERO_Gruppo-1.jpg\" \/>\n\t<meta property=\"og:image:width\" content=\"1880\" \/>\n\t<meta property=\"og:image:height\" content=\"400\" \/>\n\t<meta property=\"og:image:type\" content=\"image\/jpeg\" \/>\n<meta name=\"twitter:card\" content=\"summary_large_image\" \/>\n<meta name=\"twitter:label1\" content=\"Est. reading time\" \/>\n\t<meta name=\"twitter:data1\" content=\"1 minute\" \/>\n<script type=\"application\/ld+json\" class=\"yoast-schema-graph\">{\"@context\":\"https:\/\/schema.org\",\"@graph\":[{\"@type\":\"WebPage\",\"@id\":\"https:\/\/bcsgroup.it\/de-de\/der-konzern\/\",\"url\":\"https:\/\/bcsgroup.it\/de-de\/der-konzern\/\",\"name\":\"Der Konzern - BCS Group\",\"isPartOf\":{\"@id\":\"https:\/\/bcsgroup.it\/it-it\/#website\"},\"primaryImageOfPage\":{\"@id\":\"https:\/\/bcsgroup.it\/de-de\/der-konzern\/#primaryimage\"},\"image\":{\"@id\":\"https:\/\/bcsgroup.it\/de-de\/der-konzern\/#primaryimage\"},\"thumbnailUrl\":\"https:\/\/bcsgroup.it\/wp-content\/uploads\/2023\/07\/HERO_Gruppo-1.jpg\",\"datePublished\":\"2023-05-22T14:51:40+00:00\",\"dateModified\":\"2025-01-09T10:37:26+00:00\",\"description\":\"Das Unternehmen entwickelt, baut und vertreibt Kompakttraktoren f\u00fcr die spezialisierte Landwirtschaft, professionelle Motorm\u00e4her und Einachser, Futterm\u00e4hausr\u00fcstungen und Rasenm\u00e4her f\u00fcr die Gr\u00fcnfl\u00e4chenpflege sowie Generatoren, Motorschwei\u00dfger\u00e4te und Scheinwerfert\u00fcrme.\",\"breadcrumb\":{\"@id\":\"https:\/\/bcsgroup.it\/de-de\/der-konzern\/#breadcrumb\"},\"inLanguage\":\"de-DE-formal\",\"potentialAction\":[{\"@type\":\"ReadAction\",\"target\":[\"https:\/\/bcsgroup.it\/de-de\/der-konzern\/\"]}]},{\"@type\":\"ImageObject\",\"inLanguage\":\"de-DE-formal\",\"@id\":\"https:\/\/bcsgroup.it\/de-de\/der-konzern\/#primaryimage\",\"url\":\"https:\/\/bcsgroup.it\/wp-content\/uploads\/2023\/07\/HERO_Gruppo-1.jpg\",\"contentUrl\":\"https:\/\/bcsgroup.it\/wp-content\/uploads\/2023\/07\/HERO_Gruppo-1.jpg\",\"width\":1880,\"height\":400},{\"@type\":\"BreadcrumbList\",\"@id\":\"https:\/\/bcsgroup.it\/de-de\/der-konzern\/#breadcrumb\",\"itemListElement\":[{\"@type\":\"ListItem\",\"position\":1,\"name\":\"Home\",\"item\":\"https:\/\/bcsgroup.it\/de-de\/\"},{\"@type\":\"ListItem\",\"position\":2,\"name\":\"Der Konzern\"}]},{\"@type\":\"WebSite\",\"@id\":\"https:\/\/bcsgroup.it\/it-it\/#website\",\"url\":\"https:\/\/bcsgroup.it\/it-it\/\",\"name\":\"BCS Group\",\"description\":\"\",\"publisher\":{\"@id\":\"https:\/\/bcsgroup.it\/it-it\/#organization\"},\"potentialAction\":[{\"@type\":\"SearchAction\",\"target\":{\"@type\":\"EntryPoint\",\"urlTemplate\":\"https:\/\/bcsgroup.it\/it-it\/?s={search_term_string}\"},\"query-input\":{\"@type\":\"PropertyValueSpecification\",\"valueRequired\":true,\"valueName\":\"search_term_string\"}}],\"inLanguage\":\"de-DE-formal\"},{\"@type\":\"Organization\",\"@id\":\"https:\/\/bcsgroup.it\/it-it\/#organization\",\"name\":\"BCS Group\",\"url\":\"https:\/\/bcsgroup.it\/it-it\/\",\"logo\":{\"@type\":\"ImageObject\",\"inLanguage\":\"de-DE-formal\",\"@id\":\"https:\/\/bcsgroup.it\/it-it\/#\/schema\/logo\/image\/\",\"url\":\"https:\/\/bcsgroup.it\/wp-content\/uploads\/2024\/01\/logo-BCS.png\",\"contentUrl\":\"https:\/\/bcsgroup.it\/wp-content\/uploads\/2024\/01\/logo-BCS.png\",\"width\":10090,\"height\":7359,\"caption\":\"BCS Group\"},\"image\":{\"@id\":\"https:\/\/bcsgroup.it\/it-it\/#\/schema\/logo\/image\/\"}}]}<\/script>\n<!-- \/ Yoast SEO plugin. -->","yoast_head_json":{"title":"Der Konzern - BCS Group","description":"Das Unternehmen entwickelt, baut und vertreibt Kompakttraktoren f\u00fcr die spezialisierte Landwirtschaft, professionelle Motorm\u00e4her und Einachser, Futterm\u00e4hausr\u00fcstungen und Rasenm\u00e4her f\u00fcr die Gr\u00fcnfl\u00e4chenpflege sowie Generatoren, Motorschwei\u00dfger\u00e4te und Scheinwerfert\u00fcrme.","robots":{"index":"index","follow":"follow","max-snippet":"max-snippet:-1","max-image-preview":"max-image-preview:large","max-video-preview":"max-video-preview:-1"},"canonical":"https:\/\/bcsgroup.it\/de-de\/der-konzern\/","og_locale":"de_DE","og_type":"article","og_title":"Der Konzern - BCS Group","og_description":"Das Unternehmen entwickelt, baut und vertreibt Kompakttraktoren f\u00fcr die spezialisierte Landwirtschaft, professionelle Motorm\u00e4her und Einachser, Futterm\u00e4hausr\u00fcstungen und Rasenm\u00e4her f\u00fcr die Gr\u00fcnfl\u00e4chenpflege sowie Generatoren, Motorschwei\u00dfger\u00e4te und Scheinwerfert\u00fcrme.","og_url":"https:\/\/bcsgroup.it\/de-de\/der-konzern\/","og_site_name":"BCS Group","article_modified_time":"2025-01-09T10:37:26+00:00","og_image":[{"width":1880,"height":400,"url":"https:\/\/bcsgroup.it\/wp-content\/uploads\/2023\/07\/HERO_Gruppo-1.jpg","type":"image\/jpeg"}],"twitter_card":"summary_large_image","twitter_misc":{"Est. reading time":"1 minute"},"schema":{"@context":"https:\/\/schema.org","@graph":[{"@type":"WebPage","@id":"https:\/\/bcsgroup.it\/de-de\/der-konzern\/","url":"https:\/\/bcsgroup.it\/de-de\/der-konzern\/","name":"Der Konzern - BCS Group","isPartOf":{"@id":"https:\/\/bcsgroup.it\/it-it\/#website"},"primaryImageOfPage":{"@id":"https:\/\/bcsgroup.it\/de-de\/der-konzern\/#primaryimage"},"image":{"@id":"https:\/\/bcsgroup.it\/de-de\/der-konzern\/#primaryimage"},"thumbnailUrl":"https:\/\/bcsgroup.it\/wp-content\/uploads\/2023\/07\/HERO_Gruppo-1.jpg","datePublished":"2023-05-22T14:51:40+00:00","dateModified":"2025-01-09T10:37:26+00:00","description":"Das Unternehmen entwickelt, baut und vertreibt Kompakttraktoren f\u00fcr die spezialisierte Landwirtschaft, professionelle Motorm\u00e4her und Einachser, Futterm\u00e4hausr\u00fcstungen und Rasenm\u00e4her f\u00fcr die Gr\u00fcnfl\u00e4chenpflege sowie Generatoren, Motorschwei\u00dfger\u00e4te und Scheinwerfert\u00fcrme.","breadcrumb":{"@id":"https:\/\/bcsgroup.it\/de-de\/der-konzern\/#breadcrumb"},"inLanguage":"de-DE-formal","potentialAction":[{"@type":"ReadAction","target":["https:\/\/bcsgroup.it\/de-de\/der-konzern\/"]}]},{"@type":"ImageObject","inLanguage":"de-DE-formal","@id":"https:\/\/bcsgroup.it\/de-de\/der-konzern\/#primaryimage","url":"https:\/\/bcsgroup.it\/wp-content\/uploads\/2023\/07\/HERO_Gruppo-1.jpg","contentUrl":"https:\/\/bcsgroup.it\/wp-content\/uploads\/2023\/07\/HERO_Gruppo-1.jpg","width":1880,"height":400},{"@type":"BreadcrumbList","@id":"https:\/\/bcsgroup.it\/de-de\/der-konzern\/#breadcrumb","itemListElement":[{"@type":"ListItem","position":1,"name":"Home","item":"https:\/\/bcsgroup.it\/de-de\/"},{"@type":"ListItem","position":2,"name":"Der Konzern"}]},{"@type":"WebSite","@id":"https:\/\/bcsgroup.it\/it-it\/#website","url":"https:\/\/bcsgroup.it\/it-it\/","name":"BCS Group","description":"","publisher":{"@id":"https:\/\/bcsgroup.it\/it-it\/#organization"},"potentialAction":[{"@type":"SearchAction","target":{"@type":"EntryPoint","urlTemplate":"https:\/\/bcsgroup.it\/it-it\/?s={search_term_string}"},"query-input":{"@type":"PropertyValueSpecification","valueRequired":true,"valueName":"search_term_string"}}],"inLanguage":"de-DE-formal"},{"@type":"Organization","@id":"https:\/\/bcsgroup.it\/it-it\/#organization","name":"BCS Group","url":"https:\/\/bcsgroup.it\/it-it\/","logo":{"@type":"ImageObject","inLanguage":"de-DE-formal","@id":"https:\/\/bcsgroup.it\/it-it\/#\/schema\/logo\/image\/","url":"https:\/\/bcsgroup.it\/wp-content\/uploads\/2024\/01\/logo-BCS.png","contentUrl":"https:\/\/bcsgroup.it\/wp-content\/uploads\/2024\/01\/logo-BCS.png","width":10090,"height":7359,"caption":"BCS Group"},"image":{"@id":"https:\/\/bcsgroup.it\/it-it\/#\/schema\/logo\/image\/"}}]}},"_links":{"self":[{"href":"https:\/\/bcsgroup.it\/de-de\/wp-json\/wp\/v2\/pages\/3145","targetHints":{"allow":["GET"]}}],"collection":[{"href":"https:\/\/bcsgroup.it\/de-de\/wp-json\/wp\/v2\/pages"}],"about":[{"href":"https:\/\/bcsgroup.it\/de-de\/wp-json\/wp\/v2\/types\/page"}],"author":[{"embeddable":true,"href":"https:\/\/bcsgroup.it\/de-de\/wp-json\/wp\/v2\/users\/2"}],"replies":[{"embeddable":true,"href":"https:\/\/bcsgroup.it\/de-de\/wp-json\/wp\/v2\/comments?post=3145"}],"version-history":[{"count":7,"href":"https:\/\/bcsgroup.it\/de-de\/wp-json\/wp\/v2\/pages\/3145\/revisions"}],"predecessor-version":[{"id":4156,"href":"https:\/\/bcsgroup.it\/de-de\/wp-json\/wp\/v2\/pages\/3145\/revisions\/4156"}],"wp:featuredmedia":[{"embeddable":true,"href":"https:\/\/bcsgroup.it\/de-de\/wp-json\/wp\/v2\/media\/2936"}],"wp:attachment":[{"href":"https:\/\/bcsgroup.it\/de-de\/wp-json\/wp\/v2\/media?parent=3145"}],"curies":[{"name":"wp","href":"https:\/\/api.w.org\/{rel}","templated":true}]}}