{"id":3007,"date":"2023-06-14T08:38:34","date_gmt":"2023-06-14T06:38:34","guid":{"rendered":"https:\/\/bcsgroup.staging2.welcomedigital.it\/?page_id=3007"},"modified":"2023-07-27T11:40:52","modified_gmt":"2023-07-27T09:40:52","slug":"mission","status":"publish","type":"page","link":"https:\/\/bcsgroup.it\/fr-fr\/mission\/","title":{"rendered":"Mission"},"content":{"rendered":"","protected":false},"excerpt":{"rendered":"","protected":false},"author":3,"featured_media":2122,"parent":0,"menu_order":0,"comment_status":"closed","ping_status":"closed","template":"","meta":{"_acf_changed":false,"footnotes":""},"class_list":["post-3007","page","type-page","status-publish","has-post-thumbnail","hentry"],"acf":[],"yoast_head":"<!-- This site is optimized with the Yoast SEO plugin v26.3 - https:\/\/yoast.com\/wordpress\/plugins\/seo\/ -->\n<title>Mission - BCS Group<\/title>\n<meta name=\"description\" content=\"La vocation de BCS Group est d&#039;offrir des produits destin\u00e9s \u00e0 la satisfaction de nos clients op\u00e9rant dans les secteurs de l&#039;agriculture sp\u00e9cialis\u00e9e, de l&#039;entretien des espaces verts, des chantiers et des secteurs industriels.\" \/>\n<meta name=\"robots\" content=\"index, follow, max-snippet:-1, max-image-preview:large, max-video-preview:-1\" \/>\n<link rel=\"canonical\" href=\"https:\/\/bcsgroup.it\/it-it\/mission\/\" \/>\n<meta property=\"og:locale\" content=\"fr_FR\" \/>\n<meta property=\"og:type\" content=\"article\" \/>\n<meta property=\"og:title\" content=\"Mission - BCS Group\" \/>\n<meta property=\"og:description\" content=\"La vocation de BCS Group est d&#039;offrir des produits destin\u00e9s \u00e0 la satisfaction de nos clients op\u00e9rant dans les secteurs de l&#039;agriculture sp\u00e9cialis\u00e9e, de l&#039;entretien des espaces verts, des chantiers et des secteurs industriels.\" \/>\n<meta property=\"og:url\" content=\"https:\/\/bcsgroup.it\/it-it\/mission\/\" \/>\n<meta property=\"og:site_name\" content=\"BCS Group\" \/>\n<meta property=\"article:modified_time\" content=\"2023-07-27T09:40:52+00:00\" \/>\n<meta property=\"og:image\" content=\"https:\/\/bcsgroup.it\/wp-content\/uploads\/2023\/06\/HERO_Mission.jpg\" \/>\n\t<meta property=\"og:image:width\" content=\"1880\" \/>\n\t<meta property=\"og:image:height\" content=\"400\" \/>\n\t<meta property=\"og:image:type\" content=\"image\/jpeg\" \/>\n<meta name=\"twitter:card\" content=\"summary_large_image\" \/>\n<script type=\"application\/ld+json\" class=\"yoast-schema-graph\">{\"@context\":\"https:\/\/schema.org\",\"@graph\":[{\"@type\":\"WebPage\",\"@id\":\"https:\/\/bcsgroup.it\/it-it\/mission\/\",\"url\":\"https:\/\/bcsgroup.it\/it-it\/mission\/\",\"name\":\"Mission - BCS Group\",\"isPartOf\":{\"@id\":\"https:\/\/bcsgroup.it\/it-it\/#website\"},\"primaryImageOfPage\":{\"@id\":\"https:\/\/bcsgroup.it\/it-it\/mission\/#primaryimage\"},\"image\":{\"@id\":\"https:\/\/bcsgroup.it\/it-it\/mission\/#primaryimage\"},\"thumbnailUrl\":\"https:\/\/bcsgroup.it\/wp-content\/uploads\/2023\/06\/HERO_Mission.jpg\",\"datePublished\":\"2023-06-14T06:38:34+00:00\",\"dateModified\":\"2023-07-27T09:40:52+00:00\",\"description\":\"La vocation de BCS Group est d'offrir des produits destin\u00e9s \u00e0 la satisfaction de nos clients op\u00e9rant dans les secteurs de l'agriculture sp\u00e9cialis\u00e9e, de l'entretien des espaces verts, des chantiers et des secteurs industriels.\",\"breadcrumb\":{\"@id\":\"https:\/\/bcsgroup.it\/it-it\/mission\/#breadcrumb\"},\"inLanguage\":\"fr-FR-formal\",\"potentialAction\":[{\"@type\":\"ReadAction\",\"target\":[\"https:\/\/bcsgroup.it\/it-it\/mission\/\"]}]},{\"@type\":\"ImageObject\",\"inLanguage\":\"fr-FR-formal\",\"@id\":\"https:\/\/bcsgroup.it\/it-it\/mission\/#primaryimage\",\"url\":\"https:\/\/bcsgroup.it\/wp-content\/uploads\/2023\/06\/HERO_Mission.jpg\",\"contentUrl\":\"https:\/\/bcsgroup.it\/wp-content\/uploads\/2023\/06\/HERO_Mission.jpg\",\"width\":1880,\"height\":400},{\"@type\":\"BreadcrumbList\",\"@id\":\"https:\/\/bcsgroup.it\/it-it\/mission\/#breadcrumb\",\"itemListElement\":[{\"@type\":\"ListItem\",\"position\":1,\"name\":\"Home\",\"item\":\"https:\/\/bcsgroup.it\/fr-fr\/\"},{\"@type\":\"ListItem\",\"position\":2,\"name\":\"Mission\"}]},{\"@type\":\"WebSite\",\"@id\":\"https:\/\/bcsgroup.it\/it-it\/#website\",\"url\":\"https:\/\/bcsgroup.it\/it-it\/\",\"name\":\"BCS Group\",\"description\":\"\",\"publisher\":{\"@id\":\"https:\/\/bcsgroup.it\/it-it\/#organization\"},\"potentialAction\":[{\"@type\":\"SearchAction\",\"target\":{\"@type\":\"EntryPoint\",\"urlTemplate\":\"https:\/\/bcsgroup.it\/it-it\/?s={search_term_string}\"},\"query-input\":{\"@type\":\"PropertyValueSpecification\",\"valueRequired\":true,\"valueName\":\"search_term_string\"}}],\"inLanguage\":\"fr-FR-formal\"},{\"@type\":\"Organization\",\"@id\":\"https:\/\/bcsgroup.it\/it-it\/#organization\",\"name\":\"BCS Group\",\"url\":\"https:\/\/bcsgroup.it\/it-it\/\",\"logo\":{\"@type\":\"ImageObject\",\"inLanguage\":\"fr-FR-formal\",\"@id\":\"https:\/\/bcsgroup.it\/it-it\/#\/schema\/logo\/image\/\",\"url\":\"https:\/\/bcsgroup.it\/wp-content\/uploads\/2024\/01\/logo-BCS.png\",\"contentUrl\":\"https:\/\/bcsgroup.it\/wp-content\/uploads\/2024\/01\/logo-BCS.png\",\"width\":10090,\"height\":7359,\"caption\":\"BCS Group\"},\"image\":{\"@id\":\"https:\/\/bcsgroup.it\/it-it\/#\/schema\/logo\/image\/\"}}]}<\/script>\n<!-- \/ Yoast SEO plugin. -->","yoast_head_json":{"title":"Mission - BCS Group","description":"La vocation de BCS Group est d'offrir des produits destin\u00e9s \u00e0 la satisfaction de nos clients op\u00e9rant dans les secteurs de l'agriculture sp\u00e9cialis\u00e9e, de l'entretien des espaces verts, des chantiers et des secteurs industriels.","robots":{"index":"index","follow":"follow","max-snippet":"max-snippet:-1","max-image-preview":"max-image-preview:large","max-video-preview":"max-video-preview:-1"},"canonical":"https:\/\/bcsgroup.it\/it-it\/mission\/","og_locale":"fr_FR","og_type":"article","og_title":"Mission - BCS Group","og_description":"La vocation de BCS Group est d'offrir des produits destin\u00e9s \u00e0 la satisfaction de nos clients op\u00e9rant dans les secteurs de l'agriculture sp\u00e9cialis\u00e9e, de l'entretien des espaces verts, des chantiers et des secteurs industriels.","og_url":"https:\/\/bcsgroup.it\/it-it\/mission\/","og_site_name":"BCS Group","article_modified_time":"2023-07-27T09:40:52+00:00","og_image":[{"width":1880,"height":400,"url":"https:\/\/bcsgroup.it\/wp-content\/uploads\/2023\/06\/HERO_Mission.jpg","type":"image\/jpeg"}],"twitter_card":"summary_large_image","schema":{"@context":"https:\/\/schema.org","@graph":[{"@type":"WebPage","@id":"https:\/\/bcsgroup.it\/it-it\/mission\/","url":"https:\/\/bcsgroup.it\/it-it\/mission\/","name":"Mission - BCS Group","isPartOf":{"@id":"https:\/\/bcsgroup.it\/it-it\/#website"},"primaryImageOfPage":{"@id":"https:\/\/bcsgroup.it\/it-it\/mission\/#primaryimage"},"image":{"@id":"https:\/\/bcsgroup.it\/it-it\/mission\/#primaryimage"},"thumbnailUrl":"https:\/\/bcsgroup.it\/wp-content\/uploads\/2023\/06\/HERO_Mission.jpg","datePublished":"2023-06-14T06:38:34+00:00","dateModified":"2023-07-27T09:40:52+00:00","description":"La vocation de BCS Group est d'offrir des produits destin\u00e9s \u00e0 la satisfaction de nos clients op\u00e9rant dans les secteurs de l'agriculture sp\u00e9cialis\u00e9e, de l'entretien des espaces verts, des chantiers et des secteurs industriels.","breadcrumb":{"@id":"https:\/\/bcsgroup.it\/it-it\/mission\/#breadcrumb"},"inLanguage":"fr-FR-formal","potentialAction":[{"@type":"ReadAction","target":["https:\/\/bcsgroup.it\/it-it\/mission\/"]}]},{"@type":"ImageObject","inLanguage":"fr-FR-formal","@id":"https:\/\/bcsgroup.it\/it-it\/mission\/#primaryimage","url":"https:\/\/bcsgroup.it\/wp-content\/uploads\/2023\/06\/HERO_Mission.jpg","contentUrl":"https:\/\/bcsgroup.it\/wp-content\/uploads\/2023\/06\/HERO_Mission.jpg","width":1880,"height":400},{"@type":"BreadcrumbList","@id":"https:\/\/bcsgroup.it\/it-it\/mission\/#breadcrumb","itemListElement":[{"@type":"ListItem","position":1,"name":"Home","item":"https:\/\/bcsgroup.it\/fr-fr\/"},{"@type":"ListItem","position":2,"name":"Mission"}]},{"@type":"WebSite","@id":"https:\/\/bcsgroup.it\/it-it\/#website","url":"https:\/\/bcsgroup.it\/it-it\/","name":"BCS Group","description":"","publisher":{"@id":"https:\/\/bcsgroup.it\/it-it\/#organization"},"potentialAction":[{"@type":"SearchAction","target":{"@type":"EntryPoint","urlTemplate":"https:\/\/bcsgroup.it\/it-it\/?s={search_term_string}"},"query-input":{"@type":"PropertyValueSpecification","valueRequired":true,"valueName":"search_term_string"}}],"inLanguage":"fr-FR-formal"},{"@type":"Organization","@id":"https:\/\/bcsgroup.it\/it-it\/#organization","name":"BCS Group","url":"https:\/\/bcsgroup.it\/it-it\/","logo":{"@type":"ImageObject","inLanguage":"fr-FR-formal","@id":"https:\/\/bcsgroup.it\/it-it\/#\/schema\/logo\/image\/","url":"https:\/\/bcsgroup.it\/wp-content\/uploads\/2024\/01\/logo-BCS.png","contentUrl":"https:\/\/bcsgroup.it\/wp-content\/uploads\/2024\/01\/logo-BCS.png","width":10090,"height":7359,"caption":"BCS Group"},"image":{"@id":"https:\/\/bcsgroup.it\/it-it\/#\/schema\/logo\/image\/"}}]}},"_links":{"self":[{"href":"https:\/\/bcsgroup.it\/fr-fr\/wp-json\/wp\/v2\/pages\/3007","targetHints":{"allow":["GET"]}}],"collection":[{"href":"https:\/\/bcsgroup.it\/fr-fr\/wp-json\/wp\/v2\/pages"}],"about":[{"href":"https:\/\/bcsgroup.it\/fr-fr\/wp-json\/wp\/v2\/types\/page"}],"author":[{"embeddable":true,"href":"https:\/\/bcsgroup.it\/fr-fr\/wp-json\/wp\/v2\/users\/3"}],"replies":[{"embeddable":true,"href":"https:\/\/bcsgroup.it\/fr-fr\/wp-json\/wp\/v2\/comments?post=3007"}],"version-history":[{"count":2,"href":"https:\/\/bcsgroup.it\/fr-fr\/wp-json\/wp\/v2\/pages\/3007\/revisions"}],"predecessor-version":[{"id":3192,"href":"https:\/\/bcsgroup.it\/fr-fr\/wp-json\/wp\/v2\/pages\/3007\/revisions\/3192"}],"wp:featuredmedia":[{"embeddable":true,"href":"https:\/\/bcsgroup.it\/fr-fr\/wp-json\/wp\/v2\/media\/2122"}],"wp:attachment":[{"href":"https:\/\/bcsgroup.it\/fr-fr\/wp-json\/wp\/v2\/media?parent=3007"}],"curies":[{"name":"wp","href":"https:\/\/api.w.org\/{rel}","templated":true}]}}