{"id":3017,"date":"2023-06-14T08:39:02","date_gmt":"2023-06-14T06:39:02","guid":{"rendered":"https:\/\/bcsgroup.staging2.welcomedigital.it\/?page_id=3017"},"modified":"2025-06-11T16:42:35","modified_gmt":"2025-06-11T14:42:35","slug":"durabilite","status":"publish","type":"page","link":"https:\/\/bcsgroup.it\/fr-fr\/durabilite\/","title":{"rendered":"Durabilit\u00e9"},"content":{"rendered":"","protected":false},"excerpt":{"rendered":"","protected":false},"author":3,"featured_media":1820,"parent":0,"menu_order":0,"comment_status":"closed","ping_status":"closed","template":"","meta":{"_acf_changed":false,"footnotes":""},"class_list":["post-3017","page","type-page","status-publish","has-post-thumbnail","hentry"],"acf":[],"yoast_head":"<!-- This site is optimized with the Yoast SEO plugin v26.3 - https:\/\/yoast.com\/wordpress\/plugins\/seo\/ -->\n<title>Durabilit\u00e9 - BCS Group<\/title>\n<meta name=\"description\" content=\"Le respect et la protection de l\u2019environnement ont toujours \u00e9t\u00e9 une constante dans notre fa\u00e7on de penser et d\u2019agir, ayant grandi aux c\u00f4t\u00e9s de ceux qui vivent au quotidien en contact \u00e9troit avec la nature et en font leur vie.\" \/>\n<meta name=\"robots\" content=\"index, follow, max-snippet:-1, max-image-preview:large, max-video-preview:-1\" \/>\n<link rel=\"canonical\" href=\"https:\/\/bcsgroup.it\/fr-fr\/durabilite\/\" \/>\n<meta property=\"og:locale\" content=\"fr_FR\" \/>\n<meta property=\"og:type\" content=\"article\" \/>\n<meta property=\"og:title\" content=\"Durabilit\u00e9 - BCS Group\" \/>\n<meta property=\"og:description\" content=\"Le respect et la protection de l\u2019environnement ont toujours \u00e9t\u00e9 une constante dans notre fa\u00e7on de penser et d\u2019agir, ayant grandi aux c\u00f4t\u00e9s de ceux qui vivent au quotidien en contact \u00e9troit avec la nature et en font leur vie.\" \/>\n<meta property=\"og:url\" content=\"https:\/\/bcsgroup.it\/fr-fr\/durabilite\/\" \/>\n<meta property=\"og:site_name\" content=\"BCS Group\" \/>\n<meta property=\"article:modified_time\" content=\"2025-06-11T14:42:35+00:00\" \/>\n<meta property=\"og:image\" content=\"https:\/\/bcsgroup.it\/wp-content\/uploads\/2023\/06\/HERO_sostenibilita.jpg\" \/>\n\t<meta property=\"og:image:width\" content=\"1880\" \/>\n\t<meta property=\"og:image:height\" content=\"400\" \/>\n\t<meta property=\"og:image:type\" content=\"image\/jpeg\" \/>\n<meta name=\"twitter:card\" content=\"summary_large_image\" \/>\n<meta name=\"twitter:label1\" content=\"Est. reading time\" \/>\n\t<meta name=\"twitter:data1\" content=\"1 minute\" \/>\n<script type=\"application\/ld+json\" class=\"yoast-schema-graph\">{\"@context\":\"https:\/\/schema.org\",\"@graph\":[{\"@type\":\"WebPage\",\"@id\":\"https:\/\/bcsgroup.it\/fr-fr\/durabilite\/\",\"url\":\"https:\/\/bcsgroup.it\/fr-fr\/durabilite\/\",\"name\":\"Durabilit\u00e9 - BCS Group\",\"isPartOf\":{\"@id\":\"https:\/\/bcsgroup.it\/it-it\/#website\"},\"primaryImageOfPage\":{\"@id\":\"https:\/\/bcsgroup.it\/fr-fr\/durabilite\/#primaryimage\"},\"image\":{\"@id\":\"https:\/\/bcsgroup.it\/fr-fr\/durabilite\/#primaryimage\"},\"thumbnailUrl\":\"https:\/\/bcsgroup.it\/wp-content\/uploads\/2023\/06\/HERO_sostenibilita.jpg\",\"datePublished\":\"2023-06-14T06:39:02+00:00\",\"dateModified\":\"2025-06-11T14:42:35+00:00\",\"description\":\"Le respect et la protection de l\u2019environnement ont toujours \u00e9t\u00e9 une constante dans notre fa\u00e7on de penser et d\u2019agir, ayant grandi aux c\u00f4t\u00e9s de ceux qui vivent au quotidien en contact \u00e9troit avec la nature et en font leur vie.\",\"breadcrumb\":{\"@id\":\"https:\/\/bcsgroup.it\/fr-fr\/durabilite\/#breadcrumb\"},\"inLanguage\":\"fr-FR-formal\",\"potentialAction\":[{\"@type\":\"ReadAction\",\"target\":[\"https:\/\/bcsgroup.it\/fr-fr\/durabilite\/\"]}]},{\"@type\":\"ImageObject\",\"inLanguage\":\"fr-FR-formal\",\"@id\":\"https:\/\/bcsgroup.it\/fr-fr\/durabilite\/#primaryimage\",\"url\":\"https:\/\/bcsgroup.it\/wp-content\/uploads\/2023\/06\/HERO_sostenibilita.jpg\",\"contentUrl\":\"https:\/\/bcsgroup.it\/wp-content\/uploads\/2023\/06\/HERO_sostenibilita.jpg\",\"width\":1880,\"height\":400},{\"@type\":\"BreadcrumbList\",\"@id\":\"https:\/\/bcsgroup.it\/fr-fr\/durabilite\/#breadcrumb\",\"itemListElement\":[{\"@type\":\"ListItem\",\"position\":1,\"name\":\"Home\",\"item\":\"https:\/\/bcsgroup.it\/fr-fr\/\"},{\"@type\":\"ListItem\",\"position\":2,\"name\":\"Durabilit\u00e9\"}]},{\"@type\":\"WebSite\",\"@id\":\"https:\/\/bcsgroup.it\/it-it\/#website\",\"url\":\"https:\/\/bcsgroup.it\/it-it\/\",\"name\":\"BCS Group\",\"description\":\"\",\"publisher\":{\"@id\":\"https:\/\/bcsgroup.it\/it-it\/#organization\"},\"potentialAction\":[{\"@type\":\"SearchAction\",\"target\":{\"@type\":\"EntryPoint\",\"urlTemplate\":\"https:\/\/bcsgroup.it\/it-it\/?s={search_term_string}\"},\"query-input\":{\"@type\":\"PropertyValueSpecification\",\"valueRequired\":true,\"valueName\":\"search_term_string\"}}],\"inLanguage\":\"fr-FR-formal\"},{\"@type\":\"Organization\",\"@id\":\"https:\/\/bcsgroup.it\/it-it\/#organization\",\"name\":\"BCS Group\",\"url\":\"https:\/\/bcsgroup.it\/it-it\/\",\"logo\":{\"@type\":\"ImageObject\",\"inLanguage\":\"fr-FR-formal\",\"@id\":\"https:\/\/bcsgroup.it\/it-it\/#\/schema\/logo\/image\/\",\"url\":\"https:\/\/bcsgroup.it\/wp-content\/uploads\/2024\/01\/logo-BCS.png\",\"contentUrl\":\"https:\/\/bcsgroup.it\/wp-content\/uploads\/2024\/01\/logo-BCS.png\",\"width\":10090,\"height\":7359,\"caption\":\"BCS Group\"},\"image\":{\"@id\":\"https:\/\/bcsgroup.it\/it-it\/#\/schema\/logo\/image\/\"}}]}<\/script>\n<!-- \/ Yoast SEO plugin. -->","yoast_head_json":{"title":"Durabilit\u00e9 - BCS Group","description":"Le respect et la protection de l\u2019environnement ont toujours \u00e9t\u00e9 une constante dans notre fa\u00e7on de penser et d\u2019agir, ayant grandi aux c\u00f4t\u00e9s de ceux qui vivent au quotidien en contact \u00e9troit avec la nature et en font leur vie.","robots":{"index":"index","follow":"follow","max-snippet":"max-snippet:-1","max-image-preview":"max-image-preview:large","max-video-preview":"max-video-preview:-1"},"canonical":"https:\/\/bcsgroup.it\/fr-fr\/durabilite\/","og_locale":"fr_FR","og_type":"article","og_title":"Durabilit\u00e9 - BCS Group","og_description":"Le respect et la protection de l\u2019environnement ont toujours \u00e9t\u00e9 une constante dans notre fa\u00e7on de penser et d\u2019agir, ayant grandi aux c\u00f4t\u00e9s de ceux qui vivent au quotidien en contact \u00e9troit avec la nature et en font leur vie.","og_url":"https:\/\/bcsgroup.it\/fr-fr\/durabilite\/","og_site_name":"BCS Group","article_modified_time":"2025-06-11T14:42:35+00:00","og_image":[{"width":1880,"height":400,"url":"https:\/\/bcsgroup.it\/wp-content\/uploads\/2023\/06\/HERO_sostenibilita.jpg","type":"image\/jpeg"}],"twitter_card":"summary_large_image","twitter_misc":{"Est. reading time":"1 minute"},"schema":{"@context":"https:\/\/schema.org","@graph":[{"@type":"WebPage","@id":"https:\/\/bcsgroup.it\/fr-fr\/durabilite\/","url":"https:\/\/bcsgroup.it\/fr-fr\/durabilite\/","name":"Durabilit\u00e9 - BCS Group","isPartOf":{"@id":"https:\/\/bcsgroup.it\/it-it\/#website"},"primaryImageOfPage":{"@id":"https:\/\/bcsgroup.it\/fr-fr\/durabilite\/#primaryimage"},"image":{"@id":"https:\/\/bcsgroup.it\/fr-fr\/durabilite\/#primaryimage"},"thumbnailUrl":"https:\/\/bcsgroup.it\/wp-content\/uploads\/2023\/06\/HERO_sostenibilita.jpg","datePublished":"2023-06-14T06:39:02+00:00","dateModified":"2025-06-11T14:42:35+00:00","description":"Le respect et la protection de l\u2019environnement ont toujours \u00e9t\u00e9 une constante dans notre fa\u00e7on de penser et d\u2019agir, ayant grandi aux c\u00f4t\u00e9s de ceux qui vivent au quotidien en contact \u00e9troit avec la nature et en font leur vie.","breadcrumb":{"@id":"https:\/\/bcsgroup.it\/fr-fr\/durabilite\/#breadcrumb"},"inLanguage":"fr-FR-formal","potentialAction":[{"@type":"ReadAction","target":["https:\/\/bcsgroup.it\/fr-fr\/durabilite\/"]}]},{"@type":"ImageObject","inLanguage":"fr-FR-formal","@id":"https:\/\/bcsgroup.it\/fr-fr\/durabilite\/#primaryimage","url":"https:\/\/bcsgroup.it\/wp-content\/uploads\/2023\/06\/HERO_sostenibilita.jpg","contentUrl":"https:\/\/bcsgroup.it\/wp-content\/uploads\/2023\/06\/HERO_sostenibilita.jpg","width":1880,"height":400},{"@type":"BreadcrumbList","@id":"https:\/\/bcsgroup.it\/fr-fr\/durabilite\/#breadcrumb","itemListElement":[{"@type":"ListItem","position":1,"name":"Home","item":"https:\/\/bcsgroup.it\/fr-fr\/"},{"@type":"ListItem","position":2,"name":"Durabilit\u00e9"}]},{"@type":"WebSite","@id":"https:\/\/bcsgroup.it\/it-it\/#website","url":"https:\/\/bcsgroup.it\/it-it\/","name":"BCS Group","description":"","publisher":{"@id":"https:\/\/bcsgroup.it\/it-it\/#organization"},"potentialAction":[{"@type":"SearchAction","target":{"@type":"EntryPoint","urlTemplate":"https:\/\/bcsgroup.it\/it-it\/?s={search_term_string}"},"query-input":{"@type":"PropertyValueSpecification","valueRequired":true,"valueName":"search_term_string"}}],"inLanguage":"fr-FR-formal"},{"@type":"Organization","@id":"https:\/\/bcsgroup.it\/it-it\/#organization","name":"BCS Group","url":"https:\/\/bcsgroup.it\/it-it\/","logo":{"@type":"ImageObject","inLanguage":"fr-FR-formal","@id":"https:\/\/bcsgroup.it\/it-it\/#\/schema\/logo\/image\/","url":"https:\/\/bcsgroup.it\/wp-content\/uploads\/2024\/01\/logo-BCS.png","contentUrl":"https:\/\/bcsgroup.it\/wp-content\/uploads\/2024\/01\/logo-BCS.png","width":10090,"height":7359,"caption":"BCS Group"},"image":{"@id":"https:\/\/bcsgroup.it\/it-it\/#\/schema\/logo\/image\/"}}]}},"_links":{"self":[{"href":"https:\/\/bcsgroup.it\/fr-fr\/wp-json\/wp\/v2\/pages\/3017","targetHints":{"allow":["GET"]}}],"collection":[{"href":"https:\/\/bcsgroup.it\/fr-fr\/wp-json\/wp\/v2\/pages"}],"about":[{"href":"https:\/\/bcsgroup.it\/fr-fr\/wp-json\/wp\/v2\/types\/page"}],"author":[{"embeddable":true,"href":"https:\/\/bcsgroup.it\/fr-fr\/wp-json\/wp\/v2\/users\/3"}],"replies":[{"embeddable":true,"href":"https:\/\/bcsgroup.it\/fr-fr\/wp-json\/wp\/v2\/comments?post=3017"}],"version-history":[{"count":15,"href":"https:\/\/bcsgroup.it\/fr-fr\/wp-json\/wp\/v2\/pages\/3017\/revisions"}],"predecessor-version":[{"id":4428,"href":"https:\/\/bcsgroup.it\/fr-fr\/wp-json\/wp\/v2\/pages\/3017\/revisions\/4428"}],"wp:featuredmedia":[{"embeddable":true,"href":"https:\/\/bcsgroup.it\/fr-fr\/wp-json\/wp\/v2\/media\/1820"}],"wp:attachment":[{"href":"https:\/\/bcsgroup.it\/fr-fr\/wp-json\/wp\/v2\/media?parent=3017"}],"curies":[{"name":"wp","href":"https:\/\/api.w.org\/{rel}","templated":true}]}}