{"id":3133,"date":"2023-05-22T16:51:40","date_gmt":"2023-05-22T14:51:40","guid":{"rendered":"https:\/\/bcsgroup.staging2.welcomedigital.it\/il-gruppo\/"},"modified":"2025-01-09T11:35:48","modified_gmt":"2025-01-09T10:35:48","slug":"le-groupe","status":"publish","type":"page","link":"https:\/\/bcsgroup.it\/fr-fr\/le-groupe\/","title":{"rendered":"Le Groupe"},"content":{"rendered":"","protected":false},"excerpt":{"rendered":"","protected":false},"author":2,"featured_media":2939,"parent":0,"menu_order":0,"comment_status":"closed","ping_status":"closed","template":"","meta":{"_acf_changed":false,"footnotes":""},"class_list":["post-3133","page","type-page","status-publish","has-post-thumbnail","hentry"],"acf":[],"yoast_head":"<!-- This site is optimized with the Yoast SEO plugin v26.3 - https:\/\/yoast.com\/wordpress\/plugins\/seo\/ -->\n<title>Le Groupe - BCS Group<\/title>\n<meta name=\"description\" content=\"Elle con\u00e7oit, fabrique et commercialise des tracteurs compacts pour l&#039;agriculture sp\u00e9cialis\u00e9e, des motofaucheuses et motoculteurs professionnels, des outils de fauchage des fourrages et des tondeuses pour l&#039;entretien des espaces verts, ainsi que des groupes \u00e9lectrog\u00e8nes, des soudeuses \u00e0 moteur et des tours d&#039;\u00e9clairage.\" \/>\n<meta name=\"robots\" content=\"index, follow, max-snippet:-1, max-image-preview:large, max-video-preview:-1\" \/>\n<link rel=\"canonical\" href=\"https:\/\/bcsgroup.it\/fr-fr\/le-groupe\/\" \/>\n<meta property=\"og:locale\" content=\"fr_FR\" \/>\n<meta property=\"og:type\" content=\"article\" \/>\n<meta property=\"og:title\" content=\"Le Groupe - BCS Group\" \/>\n<meta property=\"og:description\" content=\"Elle con\u00e7oit, fabrique et commercialise des tracteurs compacts pour l&#039;agriculture sp\u00e9cialis\u00e9e, des motofaucheuses et motoculteurs professionnels, des outils de fauchage des fourrages et des tondeuses pour l&#039;entretien des espaces verts, ainsi que des groupes \u00e9lectrog\u00e8nes, des soudeuses \u00e0 moteur et des tours d&#039;\u00e9clairage.\" \/>\n<meta property=\"og:url\" content=\"https:\/\/bcsgroup.it\/fr-fr\/le-groupe\/\" \/>\n<meta property=\"og:site_name\" content=\"BCS Group\" \/>\n<meta property=\"article:modified_time\" content=\"2025-01-09T10:35:48+00:00\" \/>\n<meta property=\"og:image\" content=\"https:\/\/bcsgroup.it\/wp-content\/uploads\/2023\/07\/HERO_Gruppo-1.jpg\" \/>\n\t<meta property=\"og:image:width\" content=\"1880\" \/>\n\t<meta property=\"og:image:height\" content=\"400\" \/>\n\t<meta property=\"og:image:type\" content=\"image\/jpeg\" \/>\n<meta name=\"twitter:card\" content=\"summary_large_image\" \/>\n<meta name=\"twitter:label1\" content=\"Est. reading time\" \/>\n\t<meta name=\"twitter:data1\" content=\"1 minute\" \/>\n<script type=\"application\/ld+json\" class=\"yoast-schema-graph\">{\"@context\":\"https:\/\/schema.org\",\"@graph\":[{\"@type\":\"WebPage\",\"@id\":\"https:\/\/bcsgroup.it\/fr-fr\/le-groupe\/\",\"url\":\"https:\/\/bcsgroup.it\/fr-fr\/le-groupe\/\",\"name\":\"Le Groupe - BCS Group\",\"isPartOf\":{\"@id\":\"https:\/\/bcsgroup.it\/it-it\/#website\"},\"primaryImageOfPage\":{\"@id\":\"https:\/\/bcsgroup.it\/fr-fr\/le-groupe\/#primaryimage\"},\"image\":{\"@id\":\"https:\/\/bcsgroup.it\/fr-fr\/le-groupe\/#primaryimage\"},\"thumbnailUrl\":\"https:\/\/bcsgroup.it\/wp-content\/uploads\/2023\/07\/HERO_Gruppo-1.jpg\",\"datePublished\":\"2023-05-22T14:51:40+00:00\",\"dateModified\":\"2025-01-09T10:35:48+00:00\",\"description\":\"Elle con\u00e7oit, fabrique et commercialise des tracteurs compacts pour l'agriculture sp\u00e9cialis\u00e9e, des motofaucheuses et motoculteurs professionnels, des outils de fauchage des fourrages et des tondeuses pour l'entretien des espaces verts, ainsi que des groupes \u00e9lectrog\u00e8nes, des soudeuses \u00e0 moteur et des tours d'\u00e9clairage.\",\"breadcrumb\":{\"@id\":\"https:\/\/bcsgroup.it\/fr-fr\/le-groupe\/#breadcrumb\"},\"inLanguage\":\"fr-FR-formal\",\"potentialAction\":[{\"@type\":\"ReadAction\",\"target\":[\"https:\/\/bcsgroup.it\/fr-fr\/le-groupe\/\"]}]},{\"@type\":\"ImageObject\",\"inLanguage\":\"fr-FR-formal\",\"@id\":\"https:\/\/bcsgroup.it\/fr-fr\/le-groupe\/#primaryimage\",\"url\":\"https:\/\/bcsgroup.it\/wp-content\/uploads\/2023\/07\/HERO_Gruppo-1.jpg\",\"contentUrl\":\"https:\/\/bcsgroup.it\/wp-content\/uploads\/2023\/07\/HERO_Gruppo-1.jpg\",\"width\":1880,\"height\":400},{\"@type\":\"BreadcrumbList\",\"@id\":\"https:\/\/bcsgroup.it\/fr-fr\/le-groupe\/#breadcrumb\",\"itemListElement\":[{\"@type\":\"ListItem\",\"position\":1,\"name\":\"Home\",\"item\":\"https:\/\/bcsgroup.it\/fr-fr\/\"},{\"@type\":\"ListItem\",\"position\":2,\"name\":\"Le Groupe\"}]},{\"@type\":\"WebSite\",\"@id\":\"https:\/\/bcsgroup.it\/it-it\/#website\",\"url\":\"https:\/\/bcsgroup.it\/it-it\/\",\"name\":\"BCS Group\",\"description\":\"\",\"publisher\":{\"@id\":\"https:\/\/bcsgroup.it\/it-it\/#organization\"},\"potentialAction\":[{\"@type\":\"SearchAction\",\"target\":{\"@type\":\"EntryPoint\",\"urlTemplate\":\"https:\/\/bcsgroup.it\/it-it\/?s={search_term_string}\"},\"query-input\":{\"@type\":\"PropertyValueSpecification\",\"valueRequired\":true,\"valueName\":\"search_term_string\"}}],\"inLanguage\":\"fr-FR-formal\"},{\"@type\":\"Organization\",\"@id\":\"https:\/\/bcsgroup.it\/it-it\/#organization\",\"name\":\"BCS Group\",\"url\":\"https:\/\/bcsgroup.it\/it-it\/\",\"logo\":{\"@type\":\"ImageObject\",\"inLanguage\":\"fr-FR-formal\",\"@id\":\"https:\/\/bcsgroup.it\/it-it\/#\/schema\/logo\/image\/\",\"url\":\"https:\/\/bcsgroup.it\/wp-content\/uploads\/2024\/01\/logo-BCS.png\",\"contentUrl\":\"https:\/\/bcsgroup.it\/wp-content\/uploads\/2024\/01\/logo-BCS.png\",\"width\":10090,\"height\":7359,\"caption\":\"BCS Group\"},\"image\":{\"@id\":\"https:\/\/bcsgroup.it\/it-it\/#\/schema\/logo\/image\/\"}}]}<\/script>\n<!-- \/ Yoast SEO plugin. -->","yoast_head_json":{"title":"Le Groupe - BCS Group","description":"Elle con\u00e7oit, fabrique et commercialise des tracteurs compacts pour l'agriculture sp\u00e9cialis\u00e9e, des motofaucheuses et motoculteurs professionnels, des outils de fauchage des fourrages et des tondeuses pour l'entretien des espaces verts, ainsi que des groupes \u00e9lectrog\u00e8nes, des soudeuses \u00e0 moteur et des tours d'\u00e9clairage.","robots":{"index":"index","follow":"follow","max-snippet":"max-snippet:-1","max-image-preview":"max-image-preview:large","max-video-preview":"max-video-preview:-1"},"canonical":"https:\/\/bcsgroup.it\/fr-fr\/le-groupe\/","og_locale":"fr_FR","og_type":"article","og_title":"Le Groupe - BCS Group","og_description":"Elle con\u00e7oit, fabrique et commercialise des tracteurs compacts pour l'agriculture sp\u00e9cialis\u00e9e, des motofaucheuses et motoculteurs professionnels, des outils de fauchage des fourrages et des tondeuses pour l'entretien des espaces verts, ainsi que des groupes \u00e9lectrog\u00e8nes, des soudeuses \u00e0 moteur et des tours d'\u00e9clairage.","og_url":"https:\/\/bcsgroup.it\/fr-fr\/le-groupe\/","og_site_name":"BCS Group","article_modified_time":"2025-01-09T10:35:48+00:00","og_image":[{"width":1880,"height":400,"url":"https:\/\/bcsgroup.it\/wp-content\/uploads\/2023\/07\/HERO_Gruppo-1.jpg","type":"image\/jpeg"}],"twitter_card":"summary_large_image","twitter_misc":{"Est. reading time":"1 minute"},"schema":{"@context":"https:\/\/schema.org","@graph":[{"@type":"WebPage","@id":"https:\/\/bcsgroup.it\/fr-fr\/le-groupe\/","url":"https:\/\/bcsgroup.it\/fr-fr\/le-groupe\/","name":"Le Groupe - BCS Group","isPartOf":{"@id":"https:\/\/bcsgroup.it\/it-it\/#website"},"primaryImageOfPage":{"@id":"https:\/\/bcsgroup.it\/fr-fr\/le-groupe\/#primaryimage"},"image":{"@id":"https:\/\/bcsgroup.it\/fr-fr\/le-groupe\/#primaryimage"},"thumbnailUrl":"https:\/\/bcsgroup.it\/wp-content\/uploads\/2023\/07\/HERO_Gruppo-1.jpg","datePublished":"2023-05-22T14:51:40+00:00","dateModified":"2025-01-09T10:35:48+00:00","description":"Elle con\u00e7oit, fabrique et commercialise des tracteurs compacts pour l'agriculture sp\u00e9cialis\u00e9e, des motofaucheuses et motoculteurs professionnels, des outils de fauchage des fourrages et des tondeuses pour l'entretien des espaces verts, ainsi que des groupes \u00e9lectrog\u00e8nes, des soudeuses \u00e0 moteur et des tours d'\u00e9clairage.","breadcrumb":{"@id":"https:\/\/bcsgroup.it\/fr-fr\/le-groupe\/#breadcrumb"},"inLanguage":"fr-FR-formal","potentialAction":[{"@type":"ReadAction","target":["https:\/\/bcsgroup.it\/fr-fr\/le-groupe\/"]}]},{"@type":"ImageObject","inLanguage":"fr-FR-formal","@id":"https:\/\/bcsgroup.it\/fr-fr\/le-groupe\/#primaryimage","url":"https:\/\/bcsgroup.it\/wp-content\/uploads\/2023\/07\/HERO_Gruppo-1.jpg","contentUrl":"https:\/\/bcsgroup.it\/wp-content\/uploads\/2023\/07\/HERO_Gruppo-1.jpg","width":1880,"height":400},{"@type":"BreadcrumbList","@id":"https:\/\/bcsgroup.it\/fr-fr\/le-groupe\/#breadcrumb","itemListElement":[{"@type":"ListItem","position":1,"name":"Home","item":"https:\/\/bcsgroup.it\/fr-fr\/"},{"@type":"ListItem","position":2,"name":"Le Groupe"}]},{"@type":"WebSite","@id":"https:\/\/bcsgroup.it\/it-it\/#website","url":"https:\/\/bcsgroup.it\/it-it\/","name":"BCS Group","description":"","publisher":{"@id":"https:\/\/bcsgroup.it\/it-it\/#organization"},"potentialAction":[{"@type":"SearchAction","target":{"@type":"EntryPoint","urlTemplate":"https:\/\/bcsgroup.it\/it-it\/?s={search_term_string}"},"query-input":{"@type":"PropertyValueSpecification","valueRequired":true,"valueName":"search_term_string"}}],"inLanguage":"fr-FR-formal"},{"@type":"Organization","@id":"https:\/\/bcsgroup.it\/it-it\/#organization","name":"BCS Group","url":"https:\/\/bcsgroup.it\/it-it\/","logo":{"@type":"ImageObject","inLanguage":"fr-FR-formal","@id":"https:\/\/bcsgroup.it\/it-it\/#\/schema\/logo\/image\/","url":"https:\/\/bcsgroup.it\/wp-content\/uploads\/2024\/01\/logo-BCS.png","contentUrl":"https:\/\/bcsgroup.it\/wp-content\/uploads\/2024\/01\/logo-BCS.png","width":10090,"height":7359,"caption":"BCS Group"},"image":{"@id":"https:\/\/bcsgroup.it\/it-it\/#\/schema\/logo\/image\/"}}]}},"_links":{"self":[{"href":"https:\/\/bcsgroup.it\/fr-fr\/wp-json\/wp\/v2\/pages\/3133","targetHints":{"allow":["GET"]}}],"collection":[{"href":"https:\/\/bcsgroup.it\/fr-fr\/wp-json\/wp\/v2\/pages"}],"about":[{"href":"https:\/\/bcsgroup.it\/fr-fr\/wp-json\/wp\/v2\/types\/page"}],"author":[{"embeddable":true,"href":"https:\/\/bcsgroup.it\/fr-fr\/wp-json\/wp\/v2\/users\/2"}],"replies":[{"embeddable":true,"href":"https:\/\/bcsgroup.it\/fr-fr\/wp-json\/wp\/v2\/comments?post=3133"}],"version-history":[{"count":8,"href":"https:\/\/bcsgroup.it\/fr-fr\/wp-json\/wp\/v2\/pages\/3133\/revisions"}],"predecessor-version":[{"id":4154,"href":"https:\/\/bcsgroup.it\/fr-fr\/wp-json\/wp\/v2\/pages\/3133\/revisions\/4154"}],"wp:featuredmedia":[{"embeddable":true,"href":"https:\/\/bcsgroup.it\/fr-fr\/wp-json\/wp\/v2\/media\/2939"}],"wp:attachment":[{"href":"https:\/\/bcsgroup.it\/fr-fr\/wp-json\/wp\/v2\/media?parent=3133"}],"curies":[{"name":"wp","href":"https:\/\/api.w.org\/{rel}","templated":true}]}}